{"id":214,"date":"2013-04-11T10:16:15","date_gmt":"2013-04-11T10:16:15","guid":{"rendered":"http:\/\/89.238.76.97\/vilswanderer_entwurf\/?page_id=214"},"modified":"2021-02-06T12:03:50","modified_gmt":"2021-02-06T12:03:50","slug":"linksv","status":"publish","type":"page","link":"https:\/\/vilswanderer.de\/?page_id=214","title":{"rendered":"Links"},"content":{"rendered":"<h3>Weitere Homepages vom Vilswanderer<\/h3>\n<p><a title=\"http:\/\/vilswanderer.blogspot.de\/\" href=\"http:\/\/vilswanderer.blogspot.de\/\" target=\"_blank\" rel=\"noopener\">~ Vilswanderer Blogspot<\/a>\u00a0&#8211;\u00a0Fotoblog, Die Bilderwelten des Vilswanderers<\/p>\n<p><a title=\"www.ai-chi.de\" href=\"http:\/\/www.ai-chi.de\" target=\"_blank\" rel=\"noopener\">~ Ai-chi<\/a> &#8211; Japanische Massagekunst, Wolfgang Ignatz<\/p>\n<p><a title=\"www.stringfingers.de\" href=\"http:\/\/www.stringfingers.de\" target=\"_blank\" rel=\"noopener\">~ Stringfingers<\/a>\u00a0-Stringfingers Saitenduo, bestehend aus Thomas M\u00fcller und Wolfgang Ignatz<\/p>\n<h3>Homepages divers<\/h3>\n<p><a title=\"http:\/\/www.mundart-lexikon.de\/\" href=\"http:\/\/www.mundart-lexikon.de\/\" target=\"_blank\" rel=\"noopener\">~ Mundart-lexikon<\/a> &#8211; Umfangreiches W\u00f6rterbuch aus Erbendorf mit vielen Audiobeispielen zum besseren Verst\u00e4ndnis des Oberpf\u00e4lzer Wortklangs<\/p>\n<p><a title=\"http:\/\/www.operachaotika.net\/\" href=\"http:\/\/www.operachaotika.net\/\" target=\"_blank\" rel=\"noopener\">~Operachaotika<\/a> &#8211; Stefan Reuther, der Amberger Operns\u00e4nger und Freund aller Lebensk\u00fcnstler<\/p>\n","protected":false},"excerpt":{"rendered":"<p>Weitere Homepages vom Vilswanderer ~ Vilswanderer Blogspot\u00a0&#8211;\u00a0Fotoblog, Die Bilderwelten des Vilswanderers ~ Ai-chi &#8211; Japanische Massagekunst, Wolfgang Ignatz ~ Stringfingers\u00a0-Stringfingers Saitenduo, bestehend aus Thomas M\u00fcller und Wolfgang Ignatz Homepages divers ~ Mundart-lexikon &#8211; Umfangreiches W\u00f6rterbuch aus Erbendorf mit vielen Audiobeispielen zum besseren Verst\u00e4ndnis des Oberpf\u00e4lzer Wortklangs ~Operachaotika &#8211; Stefan Reuther, der Amberger Operns\u00e4nger und Freund [&hellip;]<\/p>\n","protected":false},"author":1,"featured_media":0,"parent":0,"menu_order":0,"comment_status":"closed","ping_status":"closed","template":"templates\/template-full-width.php","meta":{"footnotes":""},"class_list":["post-214","page","type-page","status-publish","hentry"],"_links":{"self":[{"href":"https:\/\/vilswanderer.de\/index.php?rest_route=\/wp\/v2\/pages\/214","targetHints":{"allow":["GET"]}}],"collection":[{"href":"https:\/\/vilswanderer.de\/index.php?rest_route=\/wp\/v2\/pages"}],"about":[{"href":"https:\/\/vilswanderer.de\/index.php?rest_route=\/wp\/v2\/types\/page"}],"author":[{"embeddable":true,"href":"https:\/\/vilswanderer.de\/index.php?rest_route=\/wp\/v2\/users\/1"}],"replies":[{"embeddable":true,"href":"https:\/\/vilswanderer.de\/index.php?rest_route=%2Fwp%2Fv2%2Fcomments&post=214"}],"version-history":[{"count":9,"href":"https:\/\/vilswanderer.de\/index.php?rest_route=\/wp\/v2\/pages\/214\/revisions"}],"predecessor-version":[{"id":2442,"href":"https:\/\/vilswanderer.de\/index.php?rest_route=\/wp\/v2\/pages\/214\/revisions\/2442"}],"wp:attachment":[{"href":"https:\/\/vilswanderer.de\/index.php?rest_route=%2Fwp%2Fv2%2Fmedia&parent=214"}],"curies":[{"name":"wp","href":"https:\/\/api.w.org\/{rel}","templated":true}]}}