{"id":6,"date":"2013-03-04T14:27:52","date_gmt":"2013-03-04T14:27:52","guid":{"rendered":"http:\/\/89.238.76.97\/vilswanderer_entwurf\/?page_id=6"},"modified":"2024-01-05T16:14:38","modified_gmt":"2024-01-05T16:14:38","slug":"vilswanderer","status":"publish","type":"page","link":"https:\/\/vilswanderer.de\/","title":{"rendered":"Vilswanderer"},"content":{"rendered":"\t\t<div data-elementor-type=\"wp-page\" data-elementor-id=\"6\" class=\"elementor elementor-6\" data-elementor-post-type=\"page\">\n\t\t\t\t\t\t\t\t\t<section class=\"elementor-section elementor-top-section elementor-element elementor-element-be13010 elementor-section-boxed elementor-section-height-default elementor-section-height-default\" data-id=\"be13010\" data-element_type=\"section\">\n\t\t\t\t\t\t<div class=\"elementor-container elementor-column-gap-default\">\n\t\t\t\t\t<div class=\"elementor-column elementor-col-100 elementor-top-column elementor-element elementor-element-c130f2f\" data-id=\"c130f2f\" data-element_type=\"column\">\n\t\t\t<div class=\"elementor-widget-wrap elementor-element-populated\">\n\t\t\t\t\t\t\t\t<div class=\"elementor-element elementor-element-3be3040 elementor-widget elementor-widget-image\" data-id=\"3be3040\" data-element_type=\"widget\" data-widget_type=\"image.default\">\n\t\t\t\t<div class=\"elementor-widget-container\">\n\t\t\t\t\t\t\t\t\t\t\t\t\t\t\t<img fetchpriority=\"high\" decoding=\"async\" width=\"580\" height=\"587\" src=\"https:\/\/vilswanderer.de\/wp-content\/uploads\/2013\/03\/cropped-cropped-logo1.png\" class=\"attachment-large size-large wp-image-2278\" alt=\"\" srcset=\"https:\/\/vilswanderer.de\/wp-content\/uploads\/2013\/03\/cropped-cropped-logo1.png 960w, https:\/\/vilswanderer.de\/wp-content\/uploads\/2013\/03\/cropped-cropped-logo1-296x300.png 296w, https:\/\/vilswanderer.de\/wp-content\/uploads\/2013\/03\/cropped-cropped-logo1-768x778.png 768w\" sizes=\"(max-width: 580px) 100vw, 580px\" \/>\t\t\t\t\t\t\t\t\t\t\t\t\t\t\t<\/div>\n\t\t\t\t<\/div>\n\t\t\t\t\t<\/div>\n\t\t<\/div>\n\t\t\t\t\t\t\t<\/div>\n\t\t<\/section>\n\t\t\t\t<section class=\"elementor-section elementor-top-section elementor-element elementor-element-5e17d6a elementor-section-boxed elementor-section-height-default elementor-section-height-default\" data-id=\"5e17d6a\" data-element_type=\"section\">\n\t\t\t\t\t\t<div class=\"elementor-container elementor-column-gap-default\">\n\t\t\t\t\t<div class=\"elementor-column elementor-col-100 elementor-top-column elementor-element elementor-element-214f607d\" data-id=\"214f607d\" data-element_type=\"column\">\n\t\t\t<div class=\"elementor-widget-wrap elementor-element-populated\">\n\t\t\t\t\t\t\t\t<div class=\"elementor-element elementor-element-42c9f5c3 elementor-widget elementor-widget-text-editor\" data-id=\"42c9f5c3\" data-element_type=\"widget\" data-widget_type=\"text-editor.default\">\n\t\t\t\t<div class=\"elementor-widget-container\">\n\t\t\t\t\t\t\t<!-- wp:image {\"align\":\"center\",\"id\":2278,\"width\":480,\"height\":486,\"sizeSlug\":\"large\",\"linkDestination\":\"media\",\"className\":\"is-style-default\"} --><!-- \/wp:image -->\n<p><span style=\"color: #000000;\">Der <strong>Vilswanderer<\/strong> (b\u00fcrgerlicher Name: Wolfgang Ignatz) ist ein Oberpf\u00e4lzer Liedermacher aus dem Amberger Raum.<\/span><\/p>\n<p><span style=\"color: #000000;\">Vom zehnten bis zum f\u00fcnfzehnten Lebensjahr lernte er klassische Gitarre. Als die Umtriebigkeit der fr\u00fchen Jugend ihn zu ausgelasseneren Experimenten auf der Gitarre einlud, gr\u00fcndete er mit Freunden 1980 eine Blues-Rock-Band und entdeckte sein Talent im Lieder komponieren und Singen. Bis heute ist er ein aktiver Musiker, S\u00e4nger, Dichter und Komponist geblieben.<\/span><\/p>\n<p><span style=\"color: #000000;\">Der K\u00fcnstlername Vilswanderer beruht auf einem pers\u00f6nlichen Erlebnis des K\u00fcnstlers. Ein erweiterter Freundeskreis in Amberg veranstaltete im Sommer sp\u00e4t nachts beim Heimgang vom Wirtshaus eine Art Wassertreten vom einen zum anderen Ufer des Stadtflusses Vils. Aus dieser spontanen \u201eGaudi\u201c heraus entstand das Lied \u201eDer Vilswanderer\u201c und auch der Name des Liedermachers. Das sog. &#8222;Vilswanderen&#8220;, auch &#8222;Oberpf\u00e4lzer Kneipen&#8220; genannt gewann an Beliebtheit und wiederholte sich noch einige Male in den Monaten und Jahren danach. Heute findet es nur noch selten statt. Geblieben ist der K\u00fcnstlername &#8222;Vilswanderer&#8220; als Ausdruck der Oberpf\u00e4lzer Liedermacherkunst..<\/span><\/p>\n<p><span style=\"color: #000000;\">Der Vilswanderer unterh\u00e4lt sein Publikum mit gesungenen Geschichten, die Seele haben. Denn Vieles was er singt, hat er selbst erlebt und sich dann einen Reim darauf gemacht. Was er nicht erlebt hat, hat er beobachtet oder es sich erz\u00e4hlen lassen und dann zu einem Lied gemacht. Er beschreibt Land, Leben und Leute in der Oberpfalz und dar\u00fcber hinaus von kritisch \u201ekrachert\u201c bis hin zu \u201enaturverbunden spirituell\u201c. Gelegentlich eingewobene Instrumentalst\u00fccke f\u00fcr klassische Gitarre oder Umarbeitungen traditioneller Lieder erstaunen das gewogene Ohr des Publikums zus\u00e4tzlich.<\/span><\/p>\n<p><span style=\"color: #000000;\">Das Programm ist gen\u00fcsslich unterhaltsam, abwechslungsreich in den musikalischen Stilrichtungen, es l\u00e4dt mal zum Schmunzeln, mal zum Nachdenken ein und ber\u00fchrt in seiner Ehrlichkeit und Eigenart.<\/span><br \/><span style=\"color: #000000;\">\u201eHinsetzen, zuh\u00f6ren und sich treiben lassen\u201c, wie der Vilswanderer selbst \u00fcber seine Musik sagt.<\/span><\/p>\n<p><span style=\"color: #000000;\">Der Vilswanderer spielt gr\u00f6\u00dftenteils als Solok\u00fcnstler.<\/span><br \/><span style=\"color: #000000;\">Bis 2016 gab es das Vilswanderer Trio mit Levent Barutlu am Bass und Jaxon Ha\u00dfler am Schlagzeug.<\/span><br \/><span style=\"color: #000000;\">Seit 2017 spielt der Vilswanderer Solo oder auf Konzerten und Privatengagements\u00a0<\/span><\/p>\n<p><span style=\"color: #000000;\">Der Schwerpunkt liegt neben seinen Eigenkompositionen auch auf Evergreens aus den Sechzigern- bis Siebzigerjahren.\u00a0<\/span><\/p>\n<p><span style=\"color: #000000;\">Ein breitgef\u00e4chertes Angebot an Unterhaltungsmusik f\u00fcr Geburtstage, Hochzeiten, Betriebs- oder Vereinsfeiern, Partys usw.<\/span><\/p>\n<p><span style=\"color: #000000;\"><strong>Vilswanderer Solo &#8211; Klassische und Kirchliche Musik<\/strong><\/span><\/p>\n<p><span style=\"color: #000000;\">Ihre Wunschlieder f\u00fcr Beerdigungen, Taufen oder kirchlichen Trauungen. Klassische Gitarre, instrumentale Gitarrenmusik oder Gitarre mit Gesang m\u00f6glich.<\/span><\/p>\n<p><span style=\"color: #000000;\"><strong>Kontakt<\/strong>: Wolfgang Ignatz, Gartenstra\u00dfe 28, 92245 Kuemmersbruck, Tel: <strong>0 96 21 \/ 42 09 14<\/strong><\/span><br \/><span style=\"color: #000000;\">Email: <strong>wolfgangignatz@gmx.de<\/strong><\/span><\/p>\t\t\t\t\t\t<\/div>\n\t\t\t\t<\/div>\n\t\t\t\t\t<\/div>\n\t\t<\/div>\n\t\t\t\t\t\t\t<\/div>\n\t\t<\/section>\n\t\t\t\t\t\t\t<\/div>\n\t\t","protected":false},"excerpt":{"rendered":"<p>Der Vilswanderer (b\u00fcrgerlicher Name: Wolfgang Ignatz) ist ein Oberpf\u00e4lzer Liedermacher aus dem Amberger Raum. Vom zehnten bis zum f\u00fcnfzehnten Lebensjahr lernte er klassische Gitarre. Als die Umtriebigkeit der fr\u00fchen Jugend ihn zu ausgelasseneren Experimenten auf der Gitarre einlud, gr\u00fcndete er mit Freunden 1980 eine Blues-Rock-Band und entdeckte sein Talent im Lieder komponieren und Singen. Bis [&hellip;]<\/p>\n","protected":false},"author":1,"featured_media":0,"parent":0,"menu_order":0,"comment_status":"closed","ping_status":"closed","template":"templates\/template-full-width.php","meta":{"footnotes":""},"class_list":["post-6","page","type-page","status-publish","hentry"],"_links":{"self":[{"href":"https:\/\/vilswanderer.de\/index.php?rest_route=\/wp\/v2\/pages\/6","targetHints":{"allow":["GET"]}}],"collection":[{"href":"https:\/\/vilswanderer.de\/index.php?rest_route=\/wp\/v2\/pages"}],"about":[{"href":"https:\/\/vilswanderer.de\/index.php?rest_route=\/wp\/v2\/types\/page"}],"author":[{"embeddable":true,"href":"https:\/\/vilswanderer.de\/index.php?rest_route=\/wp\/v2\/users\/1"}],"replies":[{"embeddable":true,"href":"https:\/\/vilswanderer.de\/index.php?rest_route=%2Fwp%2Fv2%2Fcomments&post=6"}],"version-history":[{"count":9,"href":"https:\/\/vilswanderer.de\/index.php?rest_route=\/wp\/v2\/pages\/6\/revisions"}],"predecessor-version":[{"id":2830,"href":"https:\/\/vilswanderer.de\/index.php?rest_route=\/wp\/v2\/pages\/6\/revisions\/2830"}],"wp:attachment":[{"href":"https:\/\/vilswanderer.de\/index.php?rest_route=%2Fwp%2Fv2%2Fmedia&parent=6"}],"curies":[{"name":"wp","href":"https:\/\/api.w.org\/{rel}","templated":true}]}}